{"id":3165,"date":"2020-11-05T12:24:29","date_gmt":"2020-11-05T12:24:29","guid":{"rendered":"http:\/\/monarchproperties.ro\/?page_id=3165"},"modified":"2020-11-13T11:29:18","modified_gmt":"2020-11-13T09:29:18","slug":"politica-de-confidentialitate","status":"publish","type":"page","link":"http:\/\/monarchproperties.ro\/de\/politica-de-confidentialitate\/","title":{"rendered":"Vertraulichkeit"},"content":{"rendered":"<div class=\"fusion-fullwidth fullwidth-box fusion-builder-row-1 fusion-flex-container nonhundred-percent-fullwidth non-hundred-percent-height-scrolling\" style=\"--awb-border-radius-top-left:0px;--awb-border-radius-top-right:0px;--awb-border-radius-bottom-right:0px;--awb-border-radius-bottom-left:0px;--awb-padding-top:5%;--awb-padding-bottom:5%;--awb-flex-wrap:wrap;\" ><div class=\"fusion-builder-row fusion-row fusion-flex-align-items-flex-start fusion-flex-content-wrap\" style=\"max-width:1100px;margin-left: calc(-0% \/ 2 );margin-right: calc(-0% \/ 2 );\"><div class=\"fusion-layout-column fusion_builder_column fusion-builder-column-0 fusion_builder_column_1_1 1_1 fusion-flex-column\" style=\"--awb-bg-size:cover;--awb-width-large:100%;--awb-margin-top-large:0px;--awb-spacing-right-large:0%;--awb-margin-bottom-large:0px;--awb-spacing-left-large:0%;--awb-width-medium:100%;--awb-order-medium:0;--awb-spacing-right-medium:0%;--awb-spacing-left-medium:0%;--awb-width-small:100%;--awb-order-small:0;--awb-spacing-right-small:0%;--awb-spacing-left-small:0%;\"><div class=\"fusion-column-wrapper fusion-column-has-shadow fusion-flex-justify-content-flex-start fusion-content-layout-column\"><div class=\"fusion-title title fusion-title-1 fusion-sep-none fusion-title-text fusion-title-size-one\" style=\"--awb-margin-top-small:0px;--awb-margin-right-small:0px;--awb-margin-bottom-small:0px;--awb-margin-left-small:0px;\"><h1 class=\"fusion-title-heading title-heading-left fusion-responsive-typography-calculated\" style=\"margin:0;--fontSize:40;line-height:1.4;\">Vertraulichkeit<\/h1><\/div><\/div><\/div><div class=\"fusion-layout-column fusion_builder_column fusion-builder-column-1 fusion_builder_column_1_1 1_1 fusion-flex-column\" style=\"--awb-bg-size:cover;--awb-width-large:100%;--awb-margin-top-large:0px;--awb-spacing-right-large:0%;--awb-margin-bottom-large:0px;--awb-spacing-left-large:0%;--awb-width-medium:100%;--awb-order-medium:0;--awb-spacing-right-medium:0%;--awb-spacing-left-medium:0%;--awb-width-small:100%;--awb-order-small:0;--awb-spacing-right-small:0%;--awb-spacing-left-small:0%;\"><div class=\"fusion-column-wrapper fusion-column-has-shadow fusion-flex-justify-content-flex-start fusion-content-layout-column\"><div class=\"fusion-text fusion-text-1\"><p>www.monarchproperties.ro ist das Eigentum von S.C. INLAND PROPERTY S.R.L.<\/p>\n<p>S.C. INLAND PROPERTY S.R.L. respektiert die Vertraulichkeit der Kundendaten und verpflichtet sich, die pers\u00f6nlichen Daten der Kunden oder Nutzer nicht an Dritte (nat\u00fcrliche oder juristische Personen) weiterzugeben, sie nicht zu vermarkten, sie nicht kostenlos anzubieten und keinen Datenaustausch mit Dritten oder anderen Nutzern der Website www.monarchproperties.ro zu betreiben. Die pers\u00f6nlichen Daten von Kunden und Nutzern werden nur f\u00fcr den Zweck verwendet, f\u00fcr den sie eingegeben wurden (z.B. Kontaktaufnahme mit uns), f\u00fcr kommerzielle Informationen \u00fcber unsere Dienstleistungen und f\u00fcr statistische Zwecke.<\/p>\n<p><strong>Informationsschreiben zum Schutz personenbezogener Daten:<\/strong><\/p>\n<p>Gem\u00e4\u00df der einschl\u00e4gigen Gesetzgebung ist S.C. INLAND PROPERTY S.R.L. verpflichtet, die von den Kunden oder Benutzern zur Verf\u00fcgung gestellten pers\u00f6nlichen Daten unter sicheren Bedingungen und nur f\u00fcr die angegebenen Zwecke zu verwalten.<\/p>\n<p>Die Erhebung und Verarbeitung personenbezogener Daten erfolgt im Einklang mit den Bestimmungen der Verordnung (EU) 2016\/679 zum Schutz nat\u00fcrlicher Personen bei der Verarbeitung personenbezogener Daten, zum freien Datenverkehr und zur Aufhebung der Richtlinie 95\/46\/EG (Datenschutz-Grundverordnung).<\/p>\n<p>Durch die Annahme der in diesem Abschnitt aufgef\u00fchrten Bedingungen werden die Nutzer und Kunden von www.monarchproperties.ro oder S.C. INLAND PROPERTY S.R.L \u00fcber Folgendes informiert:<\/p>\n<p><strong>Identit\u00e4t des f\u00fcr die Datenverarbeitung Verantwortlichen<\/strong> pers\u00f6nliche Daten. Der Inhaber der personenbezogenen Daten ist das Unternehmen S.C. INLAND PROPERTY S.R.L. mit Sitz in ...<\/p>\n<p><strong>Kategorien der verarbeiteten Daten.<\/strong> \u00dcber www.monarchproperties.ro erheben wir folgende personenbezogene Daten: Vor- und Nachname, Telefon, Fax, Wohn- oder Aufenthaltsadresse, E-Mail-Adresse, Berufsbezeichnung, Geolokalisierungsdaten sowie Verkehrsdaten und IP-Adressen. Die Daten beschr\u00e4nken sich auf das, was f\u00fcr die Zwecke, f\u00fcr die sie verarbeitet werden, erforderlich ist.<\/p>\n<p><strong>Zweck der Verarbeitung.<\/strong>\u00a0Wir verarbeiten Daten zum Zweck der Kontaktaufnahme mit Kunden und Lieferanten sowie zu Marketing- und Werbezwecken. Die Daten werden nur f\u00fcr diese Zwecke erhoben und nicht in einer Weise weiterverarbeitet, die mit diesen Zwecken unvereinbar ist.<\/p>\n<p><strong>Grundlage der Verarbeitung.<\/strong> Die Verarbeitung personenbezogener Daten erfolgt zum Zweck der Gesch\u00e4ftsbeziehungen zwischen dem Betreiber und den Nutzern der vom Betreiber angebotenen Dienstleistungen. Die Bereitstellung aller angeforderten Daten ist obligatorisch, um die \u00fcber www.monarchproperties.ro angebotenen Dienste nutzen zu k\u00f6nnen. Die Verweigerung der Angabe der angeforderten personenbezogenen Daten macht es unm\u00f6glich, die \u00fcber die Website www.monarchproperties.ro angebotenen Dienstleistungen zu nutzen.<\/p>\n<p>Die Verarbeitung personenbezogener Daten zu Marketing- und Werbezwecken beruht auf der Einwilligung der betroffenen Person, die durch die Annahme der in diesem Abschnitt dargelegten Bedingungen gegeben wird.<\/p>\n<p><strong>Rechte der betroffenen Person.<\/strong><\/p>\n<p>Mit der Annahme der in diesem Abschnitt dargelegten Bedingungen hat der Nutzer (die betroffene Person) anerkannt, dass:<\/p>\n<p>- das Recht, von dem f\u00fcr die Verarbeitung Verantwortlichen Auskunft \u00fcber meine personenbezogenen Daten zu verlangen;<\/p>\n<p>- das Recht auf Berichtigung unrichtiger personenbezogener Daten und das Recht auf Vervollst\u00e4ndigung unvollst\u00e4ndiger personenbezogener Daten, auch durch Abgabe einer zus\u00e4tzlichen Erkl\u00e4rung;<\/p>\n<p>- das Recht auf L\u00f6schung der Daten, wenn a) die personenbezogenen Daten f\u00fcr die Zwecke, f\u00fcr die sie erhoben oder verarbeitet wurden, nicht mehr erforderlich sind; b) die betroffene Person ihre Einwilligung, auf deren Grundlage die Verarbeitung erfolgt, widerruft und es keine andere Rechtsgrundlage f\u00fcr die Verarbeitung gibt; c) die betroffene Person aus berechtigten Gr\u00fcnden Widerspruch gegen die Verarbeitung einlegt; d) die personenbezogenen Daten unrechtm\u00e4\u00dfig verarbeitet wurden; e) die personenbezogenen Daten gel\u00f6scht werden m\u00fcssen, um einer rechtlichen Verpflichtung nachzukommen, der der f\u00fcr die Verarbeitung Verantwortliche nach dem Unionsrecht oder dem Recht der Mitgliedstaaten, dem er unterliegt, unterliegt;<\/p>\n<p>- das Recht, die Verarbeitung einzuschr\u00e4nken, wenn a) die betroffene Person die Richtigkeit der Daten w\u00e4hrend eines Zeitraums bestreitet, der es dem f\u00fcr die Verarbeitung Verantwortlichen erm\u00f6glicht, die Richtigkeit der Daten zu \u00fcberpr\u00fcfen; b) die Verarbeitung unrechtm\u00e4\u00dfig ist und die betroffene Person der L\u00f6schung der personenbezogenen Daten widerspricht und stattdessen die Einschr\u00e4nkung ihrer Verwendung verlangt; (c) der f\u00fcr die Verarbeitung Verantwortliche die personenbezogenen Daten f\u00fcr den Zweck der Verarbeitung nicht mehr ben\u00f6tigt, die betroffene Person sie jedoch zur Geltendmachung, Aus\u00fcbung oder Verteidigung von Rechtsanspr\u00fcchen anfordert, oder d) die betroffene Person Widerspruch gegen die Verarbeitung eingelegt hat, und zwar f\u00fcr den Zeitraum, in dem gepr\u00fcft wird, ob die legitimen Rechte des f\u00fcr die Verarbeitung Verantwortlichen gegen\u00fcber denen der betroffenen Person \u00fcberwiegen;<\/p>\n<p>- das Recht auf Daten\u00fcbertragbarkeit;<\/p>\n<p>- das Recht auf Widerspruch, es sei denn, der f\u00fcr die Verarbeitung Verantwortliche kann zwingende schutzw\u00fcrdige Gr\u00fcnde f\u00fcr die Verarbeitung nachweisen, die die Interessen, Rechte und Freiheiten der betroffenen Person \u00fcberwiegen, oder die Verarbeitung dient der Geltendmachung, Aus\u00fcbung oder Verteidigung von Rechtsanspr\u00fcchen in einem Gerichtsverfahren;<\/p>\n<p>- das Recht, eine Beschwerde bei einer Aufsichtsbeh\u00f6rde einzureichen;<\/p>\n<p>- das Recht, nicht einer automatisierten Entscheidung oder einem zus\u00e4tzlichen Profiling im Zusammenhang mit automatisierten Entscheidungen unterworfen zu werden.<\/p>\n<p>Diese in der Verordnung (EU) 2016\/679 vorgesehenen Rechte stehen in Verbindung mit den Rechten, die im Gesetz Nr. 677\/2001, n\u00e4mlich: das Recht auf Zugang, das Recht, in die Daten einzugreifen, das Recht, die Daten zu \u00e4ndern, das Recht, die Daten zu l\u00f6schen, das Recht auf Widerspruch, das Recht, \u00fcber die Umst\u00e4nde informiert zu werden, wenn die ihn betreffenden Daten von dem f\u00fcr die Verarbeitung Verantwortlichen verarbeitet werden oder nicht, das Recht, die Berichtigung, Aktualisierung, Sperrung oder L\u00f6schung der Daten, deren Verarbeitung nicht gesetzeskonform ist, sowie die Umwandlung der Daten, deren Verarbeitung nicht gesetzeskonform ist, in anonyme Daten zu erwirken, das Recht, nicht Gegenstand einer Einzelentscheidung zu sein, und das Recht, sich an die Justiz zu wenden.<\/p>\n<p>Die Aus\u00fcbung dieser Rechte erfolgt unter den im Gesetz Nr. 677\/2001 vorgesehenen Bedingungen durch einen schriftlichen, datierten und unterzeichneten Antrag, der per Post mit Empfangsbest\u00e4tigung an S.C. INLAND PROPERTY S.R.L. geschickt wird.<\/p>\n<p><strong>Empf\u00e4nger der personenbezogenen Daten<\/strong>\u00a0ist der Betreiber, die Unternehmensgruppe, die dieselbe Beteiligung wie der Betreiber h\u00e4lt, und alle Beh\u00f6rden, denen gegen\u00fcber eine gesetzliche Verpflichtung zur Offenlegung besteht.<\/p>\n<p><strong>Zeitraum, in dem personenbezogene Daten gespeichert werden<\/strong>\u00a0betr\u00e4gt 10 Jahre ab dem Ende des Haushaltsjahres, in dem die Daten erhoben wurden.<\/p>\n<p><strong>Erkl\u00e4rung der Zustimmung.<\/strong><\/p>\n<p>Mit der Annahme der in diesem Abschnitt genannten Bedingungen stimmt der Nutzer (die betroffene Person) ausdr\u00fccklich der Verarbeitung seiner\/ihrer personenbezogenen Daten durch den f\u00fcr die Verarbeitung Verantwortlichen zu den oben genannten Zwecken zu.<\/p>\n<p>Der Nutzer hat das Recht, seine Einwilligung jederzeit durch einen schriftlichen Antrag an den f\u00fcr die Verarbeitung Verantwortlichen zu widerrufen, und der Widerruf der Einwilligung ber\u00fchrt nicht die Rechtm\u00e4\u00dfigkeit der Verarbeitung, die auf der Grundlage der Einwilligung vor dem Widerruf erfolgte.<\/p>\n<p>Die Einwilligung wird aus freien St\u00fccken gegeben und ist nicht an Bedingungen gekn\u00fcpft, d. h. die Erf\u00fcllung des Vertrags, einschlie\u00dflich der Erbringung der Dienstleistung, wird nicht von der Einwilligung in die Verarbeitung personenbezogener Daten abh\u00e4ngig gemacht, die f\u00fcr die Abwicklung der Gesch\u00e4fte mit dem f\u00fcr die Verarbeitung Verantwortlichen nicht erforderlich sind.<\/p>\n<p>Alle \u00c4nderungen der Datenschutzpolitik werden auf dieser Seite ver\u00f6ffentlicht.<\/p>\n<\/div><\/div><\/div><\/div><\/div>","protected":false},"excerpt":{"rendered":"","protected":false},"author":1,"featured_media":0,"parent":0,"menu_order":0,"comment_status":"closed","ping_status":"closed","template":"","meta":{"footnotes":""},"class_list":["post-3165","page","type-page","status-publish","hentry"],"_links":{"self":[{"href":"http:\/\/monarchproperties.ro\/de\/wp-json\/wp\/v2\/pages\/3165","targetHints":{"allow":["GET"]}}],"collection":[{"href":"http:\/\/monarchproperties.ro\/de\/wp-json\/wp\/v2\/pages"}],"about":[{"href":"http:\/\/monarchproperties.ro\/de\/wp-json\/wp\/v2\/types\/page"}],"author":[{"embeddable":true,"href":"http:\/\/monarchproperties.ro\/de\/wp-json\/wp\/v2\/users\/1"}],"replies":[{"embeddable":true,"href":"http:\/\/monarchproperties.ro\/de\/wp-json\/wp\/v2\/comments?post=3165"}],"version-history":[{"count":0,"href":"http:\/\/monarchproperties.ro\/de\/wp-json\/wp\/v2\/pages\/3165\/revisions"}],"wp:attachment":[{"href":"http:\/\/monarchproperties.ro\/de\/wp-json\/wp\/v2\/media?parent=3165"}],"curies":[{"name":"wp","href":"https:\/\/api.w.org\/{rel}","templated":true}]}}